{"id":1189,"date":"2024-03-16T09:01:33","date_gmt":"2024-03-16T09:01:33","guid":{"rendered":"https:\/\/drluisramirez.com\/politica-de-privacidad\/"},"modified":"2024-07-14T06:20:20","modified_gmt":"2024-07-14T06:20:20","slug":"politica-de-privacidad","status":"publish","type":"page","link":"https:\/\/drluisramirez.com\/en\/politica-de-privacidad\/","title":{"rendered":"Pol\u00edtica de Privacidad"},"content":{"rendered":"<div data-elementor-type=\"wp-page\" data-elementor-id=\"1189\" class=\"elementor elementor-1189\" data-elementor-post-type=\"page\">\n\t\t\t\t<div class=\"elementor-element elementor-element-2e6e4fc5 e-flex e-con-boxed e-con e-parent\" data-id=\"2e6e4fc5\" data-element_type=\"container\" data-e-type=\"container\">\n\t\t\t\t\t<div class=\"e-con-inner\">\n\t\t\t\t<div class=\"elementor-element elementor-element-2bf8097 elementor-widget elementor-widget-heading\" data-id=\"2bf8097\" data-element_type=\"widget\" data-e-type=\"widget\" data-widget_type=\"heading.default\">\n\t\t\t\t<div class=\"elementor-widget-container\">\n\t\t\t\t\t<h2 class=\"elementor-heading-title elementor-size-default\">Pol\u00edtica de Privacidad<\/h2>\t\t\t\t<\/div>\n\t\t\t\t<\/div>\n\t\t\t\t<div class=\"elementor-element elementor-element-5b8ad490 elementor-widget elementor-widget-text-editor\" data-id=\"5b8ad490\" data-element_type=\"widget\" data-e-type=\"widget\" data-widget_type=\"text-editor.default\">\n\t\t\t\t<div class=\"elementor-widget-container\">\n\t\t\t\t\t\t\t\t\t\n<p>Pol\u00edtica de privacidad Protecci\u00f3n de datos de car\u00e1cter personal seg\u00fan el RGPD<\/p>\n\n<p>Agrupaci\u00f3n de Especialidades M\u00e9dicas, VALCAS S.L., en aplicaci\u00f3n de la normativa vigente en materia de protecci\u00f3n de datos de car\u00e1cter personal, informa que los datos personales que se recogen a trav\u00e9s de los formularios del Sitio web: <a href=\"https:\/\/drluisramirez.com\/en\/\">https:\/\/www.drluisramirez.com\/<\/a>, se incluyen en los ficheros automatizados espec\u00edficos de usuarios de los servicios de Agrupaci\u00f3n de Especialidades M\u00e9dicas, VALCAS S.L.<\/p>\n\n<p>La recogida y tratamiento automatizado de los datos de car\u00e1cter personal tiene como finalidad el mantenimiento de la relaci\u00f3n comercial y el desempe\u00f1o de tareas de informaci\u00f3n, formaci\u00f3n, asesoramiento y otras actividades propias de Agrupaci\u00f3n de Especialidades M\u00e9dicas, VALCAS S.L.<\/p>\n\n<p>Estos datos \u00fanicamente ser\u00e1n cedidos a aquellas entidades que sean necesarias con el \u00fanico objetivo de dar cumplimiento a la finalidad anteriormente expuesta.<\/p>\n\n<p>Agrupaci\u00f3n de Especialidades M\u00e9dicas, VALCAS S.L. adopta las medidas necesarias para garantizar la seguridad, integridad y confidencialidad de los datos conforme a lo dispuesto en el Reglamento (UE) 2016\/679 del Parlamento Europeo y del Consejo, de 27 de abril de 2016, relativo a la protecci\u00f3n de las personas f\u00edsicas en lo que respecta al tratamiento de datos personales y a la libre circulaci\u00f3n de los mismos.<\/p>\n\n<p>El usuario podr\u00e1 en cualquier momento ejercitar los derechos de acceso, oposici\u00f3n, rectificaci\u00f3n, cancelaci\u00f3n, limitaci\u00f3n y portabilidad reconocidos en el citado Reglamento (UE). El ejercicio de estos derechos puede realizarlo el propio usuario a trav\u00e9s de email a: <a>luis.ramirez@institutmedic.com<\/a> o en la direcci\u00f3n: Carrer Guitart 66, 1-2-2, C.P. 08014 \u2013 Barcelona (Barcelona).<\/p>\n\n<p>El usuario manifiesta que todos los datos facilitados por \u00e9l son ciertos y correctos, y se compromete a mantenerlos actualizados, comunicando los cambios a Agrupaci\u00f3n de Especialidades M\u00e9dicas, VALCAS S.L.<\/p>\n\n<p>Finalidad del tratamiento de los datos personales:<\/p>\n<p><strong>\u00bfCon qu\u00e9 finalidad trataremos tus datos personales?<\/strong><\/p>\n\n<p>En Agrupaci\u00f3n de Especialidades M\u00e9dicas, VALCAS S.L., trataremos tus datos personales recabados a trav\u00e9s del Sitio Web: <a href=\"https:\/\/drluisramirez.com\/en\/\">https:\/\/www.drluisramirez.com\/<\/a>, con las siguientes finalidades:<\/p>\n\n<p>Env\u00edo de informaci\u00f3n comercial y boletines sobre nuevos servicios ofrecidos en la web y del sector.<\/p>\n\n<p>Enviar informaci\u00f3n promocional v\u00eda electr\u00f3nica.<\/p>\n\n<p>Facilitar la informaci\u00f3n solicitada por el usuario a trav\u00e9s del formulario de contacto.<\/p>\n\n<p>Te recordamos que puedes oponerte al env\u00edo de comunicaciones comerciales por cualquier v\u00eda y en cualquier momento, remitiendo un correo electr\u00f3nico a la direcci\u00f3n anteriormente indicada.<\/p>\n\n<p>Los campos de dichos registros son de cumplimentaci\u00f3n obligatoria, siendo imposible realizar las finalidades expresadas si no se aportan esos datos.<\/p>\n\n<p><strong>\u00bfPor cu\u00e1nto tiempo se conservan los datos personales recabados?<\/strong><\/p>\n\n<p>Los datos personales proporcionados se conservar\u00e1n mientras se mantenga la relaci\u00f3n comercial o no solicites su supresi\u00f3n y durante el plazo por el cu\u00e1l pudieran derivarse responsabilidades legales por los servicios prestados.<\/p>\n\n<p>Legitimaci\u00f3n: El tratamiento de tus datos se realiza con las siguientes bases jur\u00eddicas que legitiman el mismo:<\/p>\n\n<p>La solicitud de informaci\u00f3n y\/o la contrataci\u00f3n de los servicios de Agrupaci\u00f3n de Especialidades M\u00e9dicas, VALCAS S.L., cuyos t\u00e9rminos y condiciones se pondr\u00e1n a tu disposici\u00f3n en todo caso, de forma previa a una eventual contrataci\u00f3n.<\/p>\n\n<p>El consentimiento libre, espec\u00edfico, informado<\/p>\n\t\t\t\t\t\t\t\t<\/div>\n\t\t\t\t<\/div>\n\t\t\t\t\t<\/div>\n\t\t\t\t<\/div>\n\t\t\t\t<\/div>","protected":false},"excerpt":{"rendered":"<p>Pol\u00edtica de Privacidad Pol\u00edtica de privacidad Protecci\u00f3n de datos de car\u00e1cter personal seg\u00fan el RGPD Agrupaci\u00f3n de Especialidades M\u00e9dicas, VALCAS S.L., en aplicaci\u00f3n de la normativa vigente en materia de protecci\u00f3n de datos de car\u00e1cter personal, informa que los datos personales que se recogen a trav\u00e9s de los formularios del Sitio web: https:\/\/www.drluisramirez.com\/, se incluyen [&hellip;]<\/p>\n","protected":false},"author":1,"featured_media":0,"parent":0,"menu_order":0,"comment_status":"closed","ping_status":"closed","template":"","meta":{"footnotes":""},"class_list":["post-1189","page","type-page","status-publish","hentry"],"_links":{"self":[{"href":"https:\/\/drluisramirez.com\/en\/wp-json\/wp\/v2\/pages\/1189","targetHints":{"allow":["GET"]}}],"collection":[{"href":"https:\/\/drluisramirez.com\/en\/wp-json\/wp\/v2\/pages"}],"about":[{"href":"https:\/\/drluisramirez.com\/en\/wp-json\/wp\/v2\/types\/page"}],"author":[{"embeddable":true,"href":"https:\/\/drluisramirez.com\/en\/wp-json\/wp\/v2\/users\/1"}],"replies":[{"embeddable":true,"href":"https:\/\/drluisramirez.com\/en\/wp-json\/wp\/v2\/comments?post=1189"}],"version-history":[{"count":8,"href":"https:\/\/drluisramirez.com\/en\/wp-json\/wp\/v2\/pages\/1189\/revisions"}],"predecessor-version":[{"id":3110,"href":"https:\/\/drluisramirez.com\/en\/wp-json\/wp\/v2\/pages\/1189\/revisions\/3110"}],"wp:attachment":[{"href":"https:\/\/drluisramirez.com\/en\/wp-json\/wp\/v2\/media?parent=1189"}],"curies":[{"name":"wp","href":"https:\/\/api.w.org\/{rel}","templated":true}]}}