{"id":4186,"date":"2025-04-20T18:49:14","date_gmt":"2025-04-20T18:49:14","guid":{"rendered":"https:\/\/drluisramirez.com\/?page_id=4186"},"modified":"2025-11-01T19:42:00","modified_gmt":"2025-11-01T19:42:00","slug":"agenda-tu-visita","status":"publish","type":"page","link":"https:\/\/drluisramirez.com\/en\/agenda-tu-visita\/","title":{"rendered":"Agenda tu visita"},"content":{"rendered":"\t\t<div data-elementor-type=\"wp-page\" data-elementor-id=\"4186\" class=\"elementor elementor-4186\" data-elementor-post-type=\"page\">\n\t\t\t\t<div class=\"elementor-element elementor-element-75b7508 e-con-full e-flex e-con e-parent\" data-id=\"75b7508\" data-element_type=\"container\" data-e-type=\"container\" data-settings=\"{&quot;background_background&quot;:&quot;classic&quot;}\">\n\t\t<div class=\"elementor-element elementor-element-5069a41 e-con-full e-flex e-con e-child\" data-id=\"5069a41\" data-element_type=\"container\" data-e-type=\"container\" data-settings=\"{&quot;background_background&quot;:&quot;classic&quot;}\">\n\t\t\t\t<div class=\"elementor-element elementor-element-19cfc17 elementor-widget elementor-widget-heading\" data-id=\"19cfc17\" data-element_type=\"widget\" data-e-type=\"widget\" data-widget_type=\"heading.default\">\n\t\t\t\t<div class=\"elementor-widget-container\">\n\t\t\t\t\t<h4 class=\"elementor-heading-title elementor-size-default\">Agenda tu visita con el<\/h4>\t\t\t\t<\/div>\n\t\t\t\t<\/div>\n\t\t\t\t<div class=\"elementor-element elementor-element-7bfca80 elementor-widget elementor-widget-heading\" data-id=\"7bfca80\" data-element_type=\"widget\" data-e-type=\"widget\" data-widget_type=\"heading.default\">\n\t\t\t\t<div class=\"elementor-widget-container\">\n\t\t\t\t\t<h2 class=\"elementor-heading-title elementor-size-default\">Dr. Luis Ramirez Nu\u00f1ez<\/h2>\t\t\t\t<\/div>\n\t\t\t\t<\/div>\n\t\t\t\t<div class=\"elementor-element elementor-element-6f93948 elementor-widget elementor-widget-heading\" data-id=\"6f93948\" data-element_type=\"widget\" data-e-type=\"widget\" data-widget_type=\"heading.default\">\n\t\t\t\t<div class=\"elementor-widget-container\">\n\t\t\t\t\t<h4 class=\"elementor-heading-title elementor-size-default\">Opciones para el tratamiento del dolor de cadera: desde t\u00e9cnicas de preservaci\u00f3n articular hasta la artroplastia total<\/h4>\t\t\t\t<\/div>\n\t\t\t\t<\/div>\n\t\t\t\t<\/div>\n\t\t\t\t<\/div>\n\t\t<div class=\"elementor-element elementor-element-f92f790 e-flex e-con-boxed e-con e-parent\" data-id=\"f92f790\" data-element_type=\"container\" data-e-type=\"container\">\n\t\t\t\t\t<div class=\"e-con-inner\">\n\t\t\t\t<div class=\"elementor-element elementor-element-136b888 elementor-widget elementor-widget-heading\" data-id=\"136b888\" data-element_type=\"widget\" data-e-type=\"widget\" data-widget_type=\"heading.default\">\n\t\t\t\t<div class=\"elementor-widget-container\">\n\t\t\t\t\t<h2 class=\"elementor-heading-title elementor-size-default\">Opcion 1 : Llena el formulario<\/h2>\t\t\t\t<\/div>\n\t\t\t\t<\/div>\n\t\t\t\t<div class=\"elementor-element elementor-element-d7fb585 elementor-widget elementor-widget-heading\" data-id=\"d7fb585\" data-element_type=\"widget\" data-e-type=\"widget\" data-widget_type=\"heading.default\">\n\t\t\t\t<div class=\"elementor-widget-container\">\n\t\t\t\t\t<h4 class=\"elementor-heading-title elementor-size-default\">Nos pondremos en contacto cuanto antes para agendarte una visita<\/h4>\t\t\t\t<\/div>\n\t\t\t\t<\/div>\n\t\t\t\t<div class=\"elementor-element elementor-element-398338c elementor-widget__width-auto elementor-widget-mobile__width-inherit elementor-widget elementor-widget-html\" data-id=\"398338c\" data-element_type=\"widget\" data-e-type=\"widget\" data-widget_type=\"html.default\">\n\t\t\t\t<div class=\"elementor-widget-container\">\n\t\t\t\t\t<div id=\"mc_embed_shell\">\r\n      <link href=\"\/\/cdn-images.mailchimp.com\/embedcode\/classic-061523.css\" rel=\"stylesheet\" type=\"text\/css\">\r\n  <style type=\"text\/css\">\r\n        #mc_embed_signup{background:#fff; false;clear:left; font:14px Helvetica,Arial,sans-serif; width: 600px;}\r\n        \/* Add your own Mailchimp form style overrides in your site stylesheet or in this style block.\r\n           We recommend moving this block and the preceding CSS link to the HEAD of your HTML file. *\/\r\n<\/style><style type=\"text\/css\">\r\n        #mc-embedded-subscribe-form input[type=checkbox]{display: inline; width: auto;margin-right: 10px;}\r\n#mergeRow-gdpr {margin-top: 20px;}\r\n#mergeRow-gdpr fieldset label {font-weight: normal;}\r\n#mc-embedded-subscribe-form .mc_fieldset{border:none;min-height: 0px;padding-bottom:0px;}\r\n<\/style>\r\n<div id=\"mc_embed_signup\">\r\n    <form action=\"https:\/\/institutmedic.us22.list-manage.com\/subscribe\/post?u=3302a28c27ac1207231224783&amp;id=0e5d24191e&amp;v_id=114&amp;f_id=00f9e3e1f0\" method=\"post\" id=\"mc-embedded-subscribe-form\" name=\"mc-embedded-subscribe-form\" class=\"validate\" target=\"_blank\">\r\n        <div id=\"mc_embed_signup_scroll\"><h2>Contactanos<\/h2>\r\n            <div class=\"indicates-required\"><span class=\"asterisk\">*<\/span> indicates required<\/div>\r\n            <div class=\"mc-field-group\"><label for=\"mce-EMAIL\">Email <span class=\"asterisk\">*<\/span><\/label><input type=\"email\" name=\"EMAIL\" class=\"required email\" id=\"mce-EMAIL\" required=\"\" value=\"\"><\/div><div class=\"mc-field-group\"><label for=\"mce-FNAME\">Nombre <\/label><input type=\"text\" name=\"FNAME\" class=\" text\" id=\"mce-FNAME\" value=\"\"><\/div><div class=\"mc-field-group\"><label for=\"mce-LNAME\">Apellidos <\/label><input type=\"text\" name=\"LNAME\" class=\" text\" id=\"mce-LNAME\" value=\"\"><\/div><div class=\"mc-field-group\"><label for=\"mce-TELEFONO\">Telefono <\/label><input type=\"text\" name=\"TELEFONO\" class=\"REQ_CSS\" id=\"mce-TELEFONO\" value=\"\"><\/div><div class=\"mc-field-group\"><label for=\"mce-MMERGE3\">Codigo Postal <span class=\"asterisk\">*<\/span><\/label><input type=\"number\" name=\"MMERGE3\" class=\"required number\" id=\"mce-MMERGE3\" required=\"\" value=\"\"><\/div><div class=\"mc-field-group\"><label for=\"mce-MMERGE7\">Motivo de Consulta <span class=\"asterisk\">*<\/span><\/label><input type=\"text\" name=\"MMERGE7\" class=\"required text\" id=\"mce-MMERGE7\" required=\"\" value=\"\"><\/div><div class=\"mc-field-group\"><label for=\"mce-MMERGE6\">Tiene Mutua Medica? <span class=\"asterisk\">*<\/span><\/label><select name=\"MMERGE6\" class=\"required\" id=\"mce-MMERGE6\"><option value=\"\"><\/option><option value=\"Si\">Si<\/option><option value=\"No\">No<\/option><\/select><\/div><div class=\"mc-field-group\"><label for=\"mce-MUTUA\">Nombre de su Mutua <\/label><input type=\"text\" name=\"MUTUA\" class=\" text\" id=\"mce-MUTUA\" value=\"\"><\/div><div class=\"mc-field-group input-group\"><strong>Donde desea visitarse? <\/strong><ul><li><input type=\"checkbox\" name=\"group[315][1]\" id=\"mce-group[315]-315-0\" value=\"\"><label for=\"mce-group[315]-315-0\">Barcelona - Barnaclinic<\/label><\/li><li><input type=\"checkbox\" name=\"group[315][2]\" id=\"mce-group[315]-315-1\" value=\"\"><label for=\"mce-group[315]-315-1\">Barcelona - Hospital el Pilar<\/label><\/li><li><input type=\"checkbox\" name=\"group[315][4]\" id=\"mce-group[315]-315-2\" value=\"\"><label for=\"mce-group[315]-315-2\">la Rapita - Institut Medic<\/label><\/li><li><input type=\"checkbox\" name=\"group[315][8]\" id=\"mce-group[315]-315-3\" value=\"\"><label for=\"mce-group[315]-315-3\">Telematico<\/label><\/li><\/ul><\/div><div id=\"mergeRow-gdpr\" class=\"mergeRow gdpr-mergeRow content__gdprBlock mc-field-group\"><div class=\"content__gdpr\"><label>Permisos de promoci\u00f3n<\/label><p>Por favor selecciones todas las formas que le gustaria para tener noticias de: <\/p><fieldset class=\"mc_fieldset gdprRequired mc-field-group\" name=\"interestgroup_field\"><label class=\"checkbox subfield\" for=\"gdpr870\"><input type=\"checkbox\" id=\"gdpr_870\" name=\"gdpr[870]\" class=\"gdpr\" value=\"Y\"><span>Correo electr\u00f3nico<\/span><\/label><\/fieldset><p>Puede desuscribirse en cualquier momento haciendo clic en el enlace que aparece en el pie de p\u00e1gina de nuestros correos electr\u00f3nicos. Para obtener informaci\u00f3n sobre nuestras pr\u00e1cticas de privacidad, visite nuestro sitio web.<\/p><\/div><div class=\"content__gdprLegal\"><p>We use Mailchimp as our marketing platform. By clicking below to subscribe, you acknowledge that your information will be transferred to Mailchimp for processing. <a href=\"https:\/\/mailchimp.com\/legal\/terms\" target=\"_blank\" rel=\"noopener\">Learn more<\/a> about Mailchimp's privacy practices.<\/p><\/div><\/div>\r\n        <div id=\"mce-responses\" class=\"clear foot\">\r\n            <div class=\"response\" id=\"mce-error-response\" style=\"display: none;\"><\/div>\r\n            <div class=\"response\" id=\"mce-success-response\" style=\"display: none;\"><\/div>\r\n        <\/div>\r\n    <div aria-hidden=\"true\" style=\"position: absolute; left: -5000px;\">\r\n        \/* real people should not fill this in and expect good things - do not remove this or risk form bot signups *\/\r\n        <input type=\"text\" name=\"b_3302a28c27ac1207231224783_0e5d24191e\" tabindex=\"-1\" value=\"\">\r\n    <\/div>\r\n        <div class=\"optionalParent\">\r\n            <div class=\"clear foot\">\r\n                <input type=\"submit\" name=\"subscribe\" id=\"mc-embedded-subscribe\" class=\"button\" value=\"Subscribe\">\r\n                <p style=\"margin: 0px auto;\"><a href=\"http:\/\/eepurl.com\/iMQYCE\" title=\"Mailchimp - email marketing made easy and fun\" target=\"_blank\" rel=\"noopener\"><span style=\"display: inline-block; background-color: transparent; border-radius: 4px;\"><img decoding=\"async\" class=\"refferal_badge lazyload\" data-src=\"https:\/\/digitalasset.intuit.com\/render\/content\/dam\/intuit\/mc-fe\/en_us\/images\/intuit-mc-rewards-text-dark.svg\" alt=\"Intuit Mailchimp\" style=\"width: 220px; height: 40px; display: flex; padding: 2px 0px; justify-content: center; align-items: center;\" src=\"data:image\/svg+xml;base64,PHN2ZyB3aWR0aD0iMSIgaGVpZ2h0PSIxIiB4bWxucz0iaHR0cDovL3d3dy53My5vcmcvMjAwMC9zdmciPjwvc3ZnPg==\"><\/span><\/a><\/p>\r\n            <\/div>\r\n        <\/div>\r\n    <\/div>\r\n<\/form>\r\n<\/div>\r\n<script type=\"text\/javascript\" src=\"\/\/s3.amazonaws.com\/downloads.mailchimp.com\/js\/mc-validate.js\"><\/script><script type=\"text\/javascript\">(function($) {window.fnames = new Array(); window.ftypes = new Array();fnames[0]='EMAIL';ftypes[0]='email';fnames[1]='FNAME';ftypes[1]='text';fnames[2]='LNAME';ftypes[2]='text';fnames[4]='TELEFONO';ftypes[4]='phone';fnames[3]='MMERGE3';ftypes[3]='number';fnames[7]='MMERGE7';ftypes[7]='text';fnames[6]='MMERGE6';ftypes[6]='dropdown';fnames[5]='MUTUA';ftypes[5]='text';\/*\r\n * Translated default messages for the $ validation plugin.\r\n * Locale: ES\r\n *\/\r\n$.extend($.validator.messages, {\r\n  required: \"Este campo es obligatorio.\",\r\n  remote: \"Por favor, rellena este campo.\",\r\n  email: \"Por favor, escribe una direcci\u00f3n de correo v\u00e1lida\",\r\n  url: \"Por favor, escribe una URL v\u00e1lida.\",\r\n  date: \"Por favor, escribe una fecha v\u00e1lida.\",\r\n  dateISO: \"Por favor, escribe una fecha (ISO) v\u00e1lida.\",\r\n  number: \"Por favor, escribe un n\u00famero entero v\u00e1lido.\",\r\n  digits: \"Por favor, escribe s\u00f3lo d\u00edgitos.\",\r\n  creditcard: \"Por favor, escribe un n\u00famero de tarjeta v\u00e1lido.\",\r\n  equalTo: \"Por favor, escribe el mismo valor de nuevo.\",\r\n  accept: \"Por favor, escribe un valor con una extensi\u00f3n aceptada.\",\r\n  maxlength: $.validator.format(\"Por favor, no escribas m\u00e1s de {0} caracteres.\"),\r\n  minlength: $.validator.format(\"Por favor, no escribas menos de {0} caracteres.\"),\r\n  rangelength: $.validator.format(\"Por favor, escribe un valor entre {0} y {1} caracteres.\"),\r\n  range: $.validator.format(\"Por favor, escribe un valor entre {0} y {1}.\"),\r\n  max: $.validator.format(\"Por favor, escribe un valor menor o igual a {0}.\"),\r\n  min: $.validator.format(\"Por favor, escribe un valor mayor o igual a {0}.\")\r\n});}(jQuery));var $mcj = jQuery.noConflict(true);<\/script><\/div>\r\n\t\t\t\t<\/div>\n\t\t\t\t<\/div>\n\t\t\t\t\t<\/div>\n\t\t\t\t<\/div>\n\t\t<div class=\"elementor-element elementor-element-bbdd808 e-flex e-con-boxed e-con e-parent\" data-id=\"bbdd808\" data-element_type=\"container\" data-e-type=\"container\">\n\t\t\t\t\t<div class=\"e-con-inner\">\n\t\t<div class=\"elementor-element elementor-element-4616b0d e-con-full e-flex e-con e-child\" data-id=\"4616b0d\" data-element_type=\"container\" data-e-type=\"container\">\n\t\t\t\t<div class=\"elementor-element elementor-element-c3fae0f elementor-widget elementor-widget-image\" data-id=\"c3fae0f\" data-element_type=\"widget\" data-e-type=\"widget\" data-widget_type=\"image.default\">\n\t\t\t\t<div class=\"elementor-widget-container\">\n\t\t\t\t\t\t\t\t\t\t\t\t\t\t\t<img fetchpriority=\"high\" decoding=\"async\" width=\"800\" height=\"800\" src=\"https:\/\/drluisramirez.com\/wp-content\/uploads\/2024\/08\/5-1024x1024.png\" class=\"attachment-large size-large wp-image-3296\" alt=\"\" srcset=\"https:\/\/drluisramirez.com\/wp-content\/uploads\/2024\/08\/5-1024x1024.png 1024w, https:\/\/drluisramirez.com\/wp-content\/uploads\/2024\/08\/5-300x300.png 300w, https:\/\/drluisramirez.com\/wp-content\/uploads\/2024\/08\/5-150x150.png 150w, https:\/\/drluisramirez.com\/wp-content\/uploads\/2024\/08\/5-768x768.png 768w, https:\/\/drluisramirez.com\/wp-content\/uploads\/2024\/08\/5-1536x1536.png 1536w, https:\/\/drluisramirez.com\/wp-content\/uploads\/2024\/08\/5-600x600.png 600w, https:\/\/drluisramirez.com\/wp-content\/uploads\/2024\/08\/5-100x100.png 100w, https:\/\/drluisramirez.com\/wp-content\/uploads\/2024\/08\/5.png 1583w\" sizes=\"(max-width: 800px) 100vw, 800px\" \/>\t\t\t\t\t\t\t\t\t\t\t\t\t\t\t<\/div>\n\t\t\t\t<\/div>\n\t\t\t\t<div class=\"elementor-element elementor-element-bdd98bc elementor-widget elementor-widget-heading\" data-id=\"bdd98bc\" data-element_type=\"widget\" data-e-type=\"widget\" data-widget_type=\"heading.default\">\n\t\t\t\t<div class=\"elementor-widget-container\">\n\t\t\t\t\t<h2 class=\"elementor-heading-title elementor-size-default\">Barcelona - BarnaClinic<\/h2>\t\t\t\t<\/div>\n\t\t\t\t<\/div>\n\t\t\t\t<\/div>\n\t\t<div class=\"elementor-element elementor-element-68b8a32 e-con-full e-flex e-con e-child\" data-id=\"68b8a32\" data-element_type=\"container\" data-e-type=\"container\">\n\t\t\t\t<div class=\"elementor-element elementor-element-279f373 elementor-widget elementor-widget-image\" data-id=\"279f373\" data-element_type=\"widget\" data-e-type=\"widget\" data-widget_type=\"image.default\">\n\t\t\t\t<div class=\"elementor-widget-container\">\n\t\t\t\t\t\t\t\t\t\t\t\t\t\t\t<img decoding=\"async\" width=\"800\" height=\"800\" data-src=\"https:\/\/drluisramirez.com\/wp-content\/uploads\/2024\/08\/4-1024x1024.png\" class=\"attachment-large size-large wp-image-3295 lazyload\" alt=\"\" data-srcset=\"https:\/\/drluisramirez.com\/wp-content\/uploads\/2024\/08\/4-1024x1024.png 1024w, https:\/\/drluisramirez.com\/wp-content\/uploads\/2024\/08\/4-300x300.png 300w, https:\/\/drluisramirez.com\/wp-content\/uploads\/2024\/08\/4-150x150.png 150w, https:\/\/drluisramirez.com\/wp-content\/uploads\/2024\/08\/4-768x768.png 768w, https:\/\/drluisramirez.com\/wp-content\/uploads\/2024\/08\/4-1536x1536.png 1536w, https:\/\/drluisramirez.com\/wp-content\/uploads\/2024\/08\/4-600x600.png 600w, https:\/\/drluisramirez.com\/wp-content\/uploads\/2024\/08\/4-100x100.png 100w, https:\/\/drluisramirez.com\/wp-content\/uploads\/2024\/08\/4.png 1583w\" data-sizes=\"(max-width: 800px) 100vw, 800px\" src=\"data:image\/svg+xml;base64,PHN2ZyB3aWR0aD0iMSIgaGVpZ2h0PSIxIiB4bWxucz0iaHR0cDovL3d3dy53My5vcmcvMjAwMC9zdmciPjwvc3ZnPg==\" style=\"--smush-placeholder-width: 800px; --smush-placeholder-aspect-ratio: 800\/800;\" \/>\t\t\t\t\t\t\t\t\t\t\t\t\t\t\t<\/div>\n\t\t\t\t<\/div>\n\t\t\t\t<div class=\"elementor-element elementor-element-22e4f4f elementor-widget elementor-widget-heading\" data-id=\"22e4f4f\" data-element_type=\"widget\" data-e-type=\"widget\" data-widget_type=\"heading.default\">\n\t\t\t\t<div class=\"elementor-widget-container\">\n\t\t\t\t\t<h2 class=\"elementor-heading-title elementor-size-default\">Barcelona - El Pilar<\/h2>\t\t\t\t<\/div>\n\t\t\t\t<\/div>\n\t\t\t\t<\/div>\n\t\t<div class=\"elementor-element elementor-element-6453269 e-con-full e-flex e-con e-child\" data-id=\"6453269\" data-element_type=\"container\" data-e-type=\"container\">\n\t\t\t\t<div class=\"elementor-element elementor-element-dd236cf elementor-widget elementor-widget-image\" data-id=\"dd236cf\" data-element_type=\"widget\" data-e-type=\"widget\" data-widget_type=\"image.default\">\n\t\t\t\t<div class=\"elementor-widget-container\">\n\t\t\t\t\t\t\t\t\t\t\t\t\t\t\t<img decoding=\"async\" width=\"800\" height=\"800\" data-src=\"https:\/\/drluisramirez.com\/wp-content\/uploads\/2024\/08\/3-1024x1024.png\" class=\"attachment-large size-large wp-image-3294 lazyload\" alt=\"\" data-srcset=\"https:\/\/drluisramirez.com\/wp-content\/uploads\/2024\/08\/3-1024x1024.png 1024w, https:\/\/drluisramirez.com\/wp-content\/uploads\/2024\/08\/3-300x300.png 300w, https:\/\/drluisramirez.com\/wp-content\/uploads\/2024\/08\/3-150x150.png 150w, https:\/\/drluisramirez.com\/wp-content\/uploads\/2024\/08\/3-768x768.png 768w, https:\/\/drluisramirez.com\/wp-content\/uploads\/2024\/08\/3-1536x1536.png 1536w, https:\/\/drluisramirez.com\/wp-content\/uploads\/2024\/08\/3-600x600.png 600w, https:\/\/drluisramirez.com\/wp-content\/uploads\/2024\/08\/3-100x100.png 100w, https:\/\/drluisramirez.com\/wp-content\/uploads\/2024\/08\/3.png 1583w\" data-sizes=\"(max-width: 800px) 100vw, 800px\" src=\"data:image\/svg+xml;base64,PHN2ZyB3aWR0aD0iMSIgaGVpZ2h0PSIxIiB4bWxucz0iaHR0cDovL3d3dy53My5vcmcvMjAwMC9zdmciPjwvc3ZnPg==\" style=\"--smush-placeholder-width: 800px; --smush-placeholder-aspect-ratio: 800\/800;\" \/>\t\t\t\t\t\t\t\t\t\t\t\t\t\t\t<\/div>\n\t\t\t\t<\/div>\n\t\t\t\t<div class=\"elementor-element elementor-element-81ca8ba elementor-widget elementor-widget-heading\" data-id=\"81ca8ba\" data-element_type=\"widget\" data-e-type=\"widget\" data-widget_type=\"heading.default\">\n\t\t\t\t<div class=\"elementor-widget-container\">\n\t\t\t\t\t<h2 class=\"elementor-heading-title elementor-size-default\">Sant Carles de la Rapita<\/h2>\t\t\t\t<\/div>\n\t\t\t\t<\/div>\n\t\t\t\t<\/div>\n\t\t\t\t\t<\/div>\n\t\t\t\t<\/div>\n\t\t\t\t<\/div>\n\t\t","protected":false},"excerpt":{"rendered":"<p>Agenda tu visita con el Dr. Luis Ramirez Nu\u00f1ez Opciones para el tratamiento del dolor de cadera: desde t\u00e9cnicas de preservaci\u00f3n articular hasta la artroplastia total Opcion 1 : Llena el formulario Nos pondremos en contacto cuanto antes para agendarte una visita Contactanos * indicates required Email *Nombre Apellidos Telefono Codigo Postal *Motivo de Consulta [&hellip;]<\/p>\n","protected":false},"author":1,"featured_media":0,"parent":0,"menu_order":0,"comment_status":"closed","ping_status":"closed","template":"","meta":{"footnotes":""},"class_list":["post-4186","page","type-page","status-publish","hentry"],"_links":{"self":[{"href":"https:\/\/drluisramirez.com\/en\/wp-json\/wp\/v2\/pages\/4186","targetHints":{"allow":["GET"]}}],"collection":[{"href":"https:\/\/drluisramirez.com\/en\/wp-json\/wp\/v2\/pages"}],"about":[{"href":"https:\/\/drluisramirez.com\/en\/wp-json\/wp\/v2\/types\/page"}],"author":[{"embeddable":true,"href":"https:\/\/drluisramirez.com\/en\/wp-json\/wp\/v2\/users\/1"}],"replies":[{"embeddable":true,"href":"https:\/\/drluisramirez.com\/en\/wp-json\/wp\/v2\/comments?post=4186"}],"version-history":[{"count":46,"href":"https:\/\/drluisramirez.com\/en\/wp-json\/wp\/v2\/pages\/4186\/revisions"}],"predecessor-version":[{"id":4567,"href":"https:\/\/drluisramirez.com\/en\/wp-json\/wp\/v2\/pages\/4186\/revisions\/4567"}],"wp:attachment":[{"href":"https:\/\/drluisramirez.com\/en\/wp-json\/wp\/v2\/media?parent=4186"}],"curies":[{"name":"wp","href":"https:\/\/api.w.org\/{rel}","templated":true}]}}