{"id":657,"date":"2024-03-11T19:33:12","date_gmt":"2024-03-11T19:33:12","guid":{"rendered":"https:\/\/drluisramirez.com\/?page_id=657"},"modified":"2024-07-14T06:21:47","modified_gmt":"2024-07-14T06:21:47","slug":"aviso-legal","status":"publish","type":"page","link":"https:\/\/drluisramirez.com\/en\/aviso-legal\/","title":{"rendered":"Aviso Legal"},"content":{"rendered":"<div data-elementor-type=\"wp-page\" data-elementor-id=\"657\" class=\"elementor elementor-657\" data-elementor-post-type=\"page\">\n\t\t\t\t<div class=\"elementor-element elementor-element-991e6af e-flex e-con-boxed e-con e-parent\" data-id=\"991e6af\" data-element_type=\"container\" data-e-type=\"container\">\n\t\t\t\t\t<div class=\"e-con-inner\">\n\t\t\t\t<div class=\"elementor-element elementor-element-8a02e02 elementor-widget elementor-widget-heading\" data-id=\"8a02e02\" data-element_type=\"widget\" data-e-type=\"widget\" data-widget_type=\"heading.default\">\n\t\t\t\t<div class=\"elementor-widget-container\">\n\t\t\t\t\t<h2 class=\"elementor-heading-title elementor-size-default\">AVISO LEGAL<\/h2>\t\t\t\t<\/div>\n\t\t\t\t<\/div>\n\t\t\t\t<div class=\"elementor-element elementor-element-5cc2769 elementor-widget elementor-widget-text-editor\" data-id=\"5cc2769\" data-element_type=\"widget\" data-e-type=\"widget\" data-widget_type=\"text-editor.default\">\n\t\t\t\t<div class=\"elementor-widget-container\">\n\t\t\t\t\t\t\t\t\t<p>En cumplimiento con el deber de informaci\u00f3n recogido en art\u00edculo 10 de la Ley 34\/2002, de 11 de julio, de Servicios de la Sociedad de la Informaci\u00f3n y del Comercio Electr\u00f3nico (LSSICE), el propietario de la web <a href=\"https:\/\/drluisramirez.com\/en\/\" target=\"_new\">http:\/\/www.drluisramirez.com\/<\/a>, le informa de lo siguiente:<\/p><p>Denominaci\u00f3n social: Agrupaci\u00f3n de Especialidades M\u00e9dicas, VALCAS S.L.<\/p><p>NIF: B02726164<\/p><p>Domicilio: Carrer Guitart 66, 1-2-2, 08014 &#8211; Barcelona (Barcelona)<\/p><p>Inscrita en el Registro Mercantil de Barcelona al Tomo 47519, folio 138, secci\u00f3n 8, hoja n\u00famero<\/p><p>554425, inscripci\u00f3n 1<\/p><p>Con los l\u00edmites establecidos en la ley, <a href=\"https:\/\/drluisramirez.com\/en\/\" target=\"_new\">http:\/\/www.drluisramirez.com\/<\/a> no asume ninguna responsabilidad derivada de la falta de veracidad, integridad, actualizaci\u00f3n y precisi\u00f3n de los datos o informaciones que se contienen en sus p\u00e1ginas de Internet.<\/p><p>Los contenidos e informaci\u00f3n no vinculan a <a href=\"https:\/\/drluisramirez.com\/en\/\" target=\"_new\">http:\/\/www.drluisramirez.com\/<\/a> ni constituyen opiniones, consejos o asesoramiento legal de ning\u00fan tipo pues se trata meramente de un servicio ofrecido con car\u00e1cter informativo y divulgativo.<\/p><p>Las p\u00e1ginas de Internet de <a href=\"https:\/\/drluisramirez.com\/en\/\" target=\"_new\">http:\/\/www.drluisramirez.com\/<\/a> pueden contener enlaces (links) a otras p\u00e1ginas de terceras partes que <a href=\"https:\/\/drluisramirez.com\/en\/\" target=\"_new\">http:\/\/www.drluisramirez.com\/<\/a> no puede controlar. Por lo tanto, <a href=\"https:\/\/drluisramirez.com\/en\/\" target=\"_new\">http:\/\/www.drluisramirez.com\/<\/a> no puede asumir responsabilidades por el contenido que pueda aparecer en p\u00e1ginas de terceros.<\/p><p>Los textos, im\u00e1genes, sonidos, animaciones, software y el resto de contenidos incluidos en este website son propiedad exclusiva de <a href=\"https:\/\/drluisramirez.com\/en\/\" target=\"_new\">http:\/\/www.drluisramirez.com\/<\/a> o sus licenciantes. Cualquier acto de transmisi\u00f3n, distribuci\u00f3n, cesi\u00f3n, reproducci\u00f3n, almacenamiento o comunicaci\u00f3n p\u00fablica total o parcial, debe contar con el consentimiento expreso de <a href=\"https:\/\/drluisramirez.com\/en\/\" target=\"_new\">http:\/\/www.drluisramirez.com\/<\/a>.<\/p><p>Asimismo, para acceder a algunos de los servicios que <a href=\"https:\/\/drluisramirez.com\/en\/\" target=\"_new\">http:\/\/www.drluisramirez.com\/<\/a> ofrece a trav\u00e9s del website deber\u00e1 proporcionar algunos datos de car\u00e1cter personal. En cumplimiento de lo establecido en el Reglamento (UE) 2016\/679 del Parlamento Europeo y del Consejo, de 27 de abril de 2016, relativo a la protecci\u00f3n de las personas f\u00edsicas en lo que respecta al tratamiento de datos personales y a la libre circulaci\u00f3n de estos datos le informamos que, mediante la cumplimentaci\u00f3n de los presentes formularios, sus datos personales quedar\u00e1n incorporados y ser\u00e1n tratados en los ficheros de Agrupaci\u00f3n de Especialidades M\u00e9dicas, VALCAS S.L. con el fin de poderle prestar y ofrecer nuestros servicios as\u00ed como para informarle de las mejoras del sitio Web. Asimismo, le informamos de la posibilidad de que ejerza los derechos de acceso, rectificaci\u00f3n, cancelaci\u00f3n y oposici\u00f3n de sus datos de car\u00e1cter personal, manera gratuita mediante email a <a target=\"_new\">luis.ramirez@institutmedic.es<\/a>\u00a0o en la direcci\u00f3n Carrer Guitart 66, 1-2-2, 08014 &#8211; Barcelona (Barcelona)<\/p>\t\t\t\t\t\t\t\t<\/div>\n\t\t\t\t<\/div>\n\t\t\t\t\t<\/div>\n\t\t\t\t<\/div>\n\t\t\t\t<\/div>","protected":false},"excerpt":{"rendered":"<p>AVISO LEGAL En cumplimiento con el deber de informaci\u00f3n recogido en art\u00edculo 10 de la Ley 34\/2002, de 11 de julio, de Servicios de la Sociedad de la Informaci\u00f3n y del Comercio Electr\u00f3nico (LSSICE), el propietario de la web http:\/\/www.drluisramirez.com\/, le informa de lo siguiente: Denominaci\u00f3n social: Agrupaci\u00f3n de Especialidades M\u00e9dicas, VALCAS S.L. NIF: B02726164 [&hellip;]<\/p>\n","protected":false},"author":1,"featured_media":0,"parent":0,"menu_order":0,"comment_status":"closed","ping_status":"closed","template":"","meta":{"footnotes":""},"class_list":["post-657","page","type-page","status-publish","hentry"],"_links":{"self":[{"href":"https:\/\/drluisramirez.com\/en\/wp-json\/wp\/v2\/pages\/657","targetHints":{"allow":["GET"]}}],"collection":[{"href":"https:\/\/drluisramirez.com\/en\/wp-json\/wp\/v2\/pages"}],"about":[{"href":"https:\/\/drluisramirez.com\/en\/wp-json\/wp\/v2\/types\/page"}],"author":[{"embeddable":true,"href":"https:\/\/drluisramirez.com\/en\/wp-json\/wp\/v2\/users\/1"}],"replies":[{"embeddable":true,"href":"https:\/\/drluisramirez.com\/en\/wp-json\/wp\/v2\/comments?post=657"}],"version-history":[{"count":4,"href":"https:\/\/drluisramirez.com\/en\/wp-json\/wp\/v2\/pages\/657\/revisions"}],"predecessor-version":[{"id":3114,"href":"https:\/\/drluisramirez.com\/en\/wp-json\/wp\/v2\/pages\/657\/revisions\/3114"}],"wp:attachment":[{"href":"https:\/\/drluisramirez.com\/en\/wp-json\/wp\/v2\/media?parent=657"}],"curies":[{"name":"wp","href":"https:\/\/api.w.org\/{rel}","templated":true}]}}